{"id":2,"date":"2016-05-10T03:48:21","date_gmt":"2016-05-10T02:48:21","guid":{"rendered":"http:\/\/wp452m.a10-52-158-154.qa.plesk.ru\/wordpress\/?page_id=2"},"modified":"2025-06-18T13:43:15","modified_gmt":"2025-06-18T12:43:15","slug":"sample-page","status":"publish","type":"page","link":"https:\/\/www.sylvanathierbach.de\/","title":{"rendered":"Lust auf ein original-Kunstwerk mit Gl\u00fccksbotschaft?"},"content":{"rendered":"\n<p><\/p>\n\n\n<p>Dann schaut Euch meine \u00d6lgem\u00e4lde genau an. In jedem ist ein Elefant versteckt. Ein \u00d6lgem\u00e4lde von mir bereitet also nicht nur Freude sondern ist auch ein ganz pers\u00f6nlicher Gl\u00fccksbringer.<\/p>\n<p>\u00dcbers Men\u00fc findet ihr auch viel Aquarelle.<\/p>\n<p>\u00dcbrigens, wer ein Unikat bevorzugt ist hier richtig. Ich male jedes Bild (\u00d6l oder Aquarell) nur einmal.<\/p>\n<p><a href=\"https:\/\/www.sylvanathierbach.de\/?page_id=75\">hier geht es zu den Bildern<\/a><\/p>\n\n\n<p><\/p>\n","protected":false},"excerpt":{"rendered":"<p>Dann schaut Euch meine \u00d6lgem\u00e4lde genau an. In jedem ist ein Elefant versteckt. Ein \u00d6lgem\u00e4lde von mir bereitet also nicht nur Freude sondern ist auch ein ganz pers\u00f6nlicher Gl\u00fccksbringer. \u00dcbers Men\u00fc findet ihr auch viel Aquarelle. \u00dcbrigens, wer ein Unikat bevorzugt ist hier richtig. Ich male jedes Bild (\u00d6l oder Aquarell) nur einmal. hier geht &hellip; <a href=\"https:\/\/www.sylvanathierbach.de\/\" class=\"more-link\"><span class=\"screen-reader-text\">\u201eLust auf ein original-Kunstwerk mit Gl\u00fccksbotschaft?\u201c <\/span>weiterlesen<\/a><\/p>\n","protected":false},"author":1,"featured_media":0,"parent":0,"menu_order":0,"comment_status":"closed","ping_status":"closed","template":"","meta":{"footnotes":""},"_links":{"self":[{"href":"https:\/\/www.sylvanathierbach.de\/index.php?rest_route=\/wp\/v2\/pages\/2"}],"collection":[{"href":"https:\/\/www.sylvanathierbach.de\/index.php?rest_route=\/wp\/v2\/pages"}],"about":[{"href":"https:\/\/www.sylvanathierbach.de\/index.php?rest_route=\/wp\/v2\/types\/page"}],"author":[{"embeddable":true,"href":"https:\/\/www.sylvanathierbach.de\/index.php?rest_route=\/wp\/v2\/users\/1"}],"replies":[{"embeddable":true,"href":"https:\/\/www.sylvanathierbach.de\/index.php?rest_route=%2Fwp%2Fv2%2Fcomments&post=2"}],"version-history":[{"count":10,"href":"https:\/\/www.sylvanathierbach.de\/index.php?rest_route=\/wp\/v2\/pages\/2\/revisions"}],"predecessor-version":[{"id":855,"href":"https:\/\/www.sylvanathierbach.de\/index.php?rest_route=\/wp\/v2\/pages\/2\/revisions\/855"}],"wp:attachment":[{"href":"https:\/\/www.sylvanathierbach.de\/index.php?rest_route=%2Fwp%2Fv2%2Fmedia&parent=2"}],"curies":[{"name":"wp","href":"https:\/\/api.w.org\/{rel}","templated":true}]}}