{"id":99,"date":"2017-07-27T20:06:55","date_gmt":"2017-07-27T19:06:55","guid":{"rendered":"https:\/\/www.sylvanathierbach.de\/?page_id=99"},"modified":"2024-05-04T17:56:42","modified_gmt":"2024-05-04T16:56:42","slug":"menue-1","status":"publish","type":"page","link":"https:\/\/www.sylvanathierbach.de\/?page_id=99","title":{"rendered":"Ausstellung"},"content":{"rendered":"<p>Oktober &#8211; Dezember 2022 &#8211; Berolina Stadtteiltreff Erfurt<\/p>\n<p>September 2022 &#8211; Allianz Versicherung Sven Friedemann Haupvertretung Gera<\/p>\n<p>10.06. &#8211; 12.06.2022 &#8211; NURIA Kunstausstellung &#8222;Sch\u00f6nheit in all ihren Facetten&#8220; (Gruppenausstellung)<\/p>\n<p>seit 2021 &#8211;\u00a0<a href=\"https:\/\/www.teteatete-gera.de\">teta a tete \u00a0<\/a>in Gera<\/p>\n<p>18.06. &#8211; 20.06.2021 &#8211; NURIA Kunstausstellung\u00a0 &#8222;Werke deines Lebens&#8220;(Gruppenausstellung)<\/p>\n<p>26. Januar 2020 &#8211; Werkschau Weimarer Mal- und Zeichenschule (Gruppenausstellung)<\/p>\n<p>30. November 2019 &#8211; 7. Februar 2020 &#8211; &#8222;Kinderaugen zwischen Fragen und Hoffen&#8220; &#8211; <a href=\"http:\/\/www.artue.de\" target=\"_blank\" rel=\"noopener noreferrer\">artue-Galerie<\/a><\/p>\n<p>2019 &#8211; Landeszahn\u00e4rztekammer (LZ\u00c4K) Th\u00fcringen in Erfurt<\/p>\n<p>2013 &#8211; 2021 <a href=\"http:\/\/www.artue.de\" target=\"_blank\" rel=\"noopener noreferrer\">artue-Galerie<\/a>, Geschwister-Scholl-Stra\u00dfe 64, Erfurt<\/p>\n<p>seit 2011 &#8211; <a href=\"http:\/\/www.kinderhospiz-mitteldeutschland.de\" target=\"_blank\" rel=\"noopener noreferrer\">Kinderhospiz Mitteldeutschland Nordhausen e.V.<\/a>, in Tambach-Dietharz\u00a0 (Elefantenbilder, Spende)<\/p>\n<p>\u00a0<\/p>\n\n\n<p><\/p>\n","protected":false},"excerpt":{"rendered":"<p>Oktober &#8211; Dezember 2022 &#8211; Berolina Stadtteiltreff Erfurt September 2022 &#8211; Allianz Versicherung Sven Friedemann Haupvertretung Gera 10.06. &#8211; 12.06.2022 &#8211; NURIA Kunstausstellung &#8222;Sch\u00f6nheit in all ihren Facetten&#8220; (Gruppenausstellung) seit 2021 &#8211;\u00a0teta a tete \u00a0in Gera 18.06. &#8211; 20.06.2021 &#8211; NURIA Kunstausstellung\u00a0 &#8222;Werke deines Lebens&#8220;(Gruppenausstellung) 26. Januar 2020 &#8211; Werkschau Weimarer Mal- und Zeichenschule (Gruppenausstellung) &hellip; <a href=\"https:\/\/www.sylvanathierbach.de\/?page_id=99\" class=\"more-link\"><span class=\"screen-reader-text\">\u201eAusstellung\u201c <\/span>weiterlesen<\/a><\/p>\n","protected":false},"author":1,"featured_media":0,"parent":0,"menu_order":0,"comment_status":"closed","ping_status":"closed","template":"","meta":{"footnotes":""},"_links":{"self":[{"href":"https:\/\/www.sylvanathierbach.de\/index.php?rest_route=\/wp\/v2\/pages\/99"}],"collection":[{"href":"https:\/\/www.sylvanathierbach.de\/index.php?rest_route=\/wp\/v2\/pages"}],"about":[{"href":"https:\/\/www.sylvanathierbach.de\/index.php?rest_route=\/wp\/v2\/types\/page"}],"author":[{"embeddable":true,"href":"https:\/\/www.sylvanathierbach.de\/index.php?rest_route=\/wp\/v2\/users\/1"}],"replies":[{"embeddable":true,"href":"https:\/\/www.sylvanathierbach.de\/index.php?rest_route=%2Fwp%2Fv2%2Fcomments&post=99"}],"version-history":[{"count":7,"href":"https:\/\/www.sylvanathierbach.de\/index.php?rest_route=\/wp\/v2\/pages\/99\/revisions"}],"predecessor-version":[{"id":808,"href":"https:\/\/www.sylvanathierbach.de\/index.php?rest_route=\/wp\/v2\/pages\/99\/revisions\/808"}],"wp:attachment":[{"href":"https:\/\/www.sylvanathierbach.de\/index.php?rest_route=%2Fwp%2Fv2%2Fmedia&parent=99"}],"curies":[{"name":"wp","href":"https:\/\/api.w.org\/{rel}","templated":true}]}}